{"id":695,"date":"2023-01-02T09:08:55","date_gmt":"2023-01-02T09:08:55","guid":{"rendered":"https:\/\/nyotoutea.com\/?page_id=695"},"modified":"2023-03-01T15:58:13","modified_gmt":"2023-03-01T15:58:13","slug":"our-partners","status":"publish","type":"page","link":"https:\/\/nyotoutea.com\/lo\/our-story\/our-partners\/","title":{"rendered":"\u0e84\u0eb9\u0ec8\u0eae\u0ec8\u0ea7\u0ea1\u0e87\u0eb2\u0e99\u0e82\u0ead\u0e87\u0e9e\u0ea7\u0e81\u0ec0\u0eae\u0ebb\u0eb2"},"content":{"rendered":"<div data-elementor-type=\"wp-page\" data-elementor-id=\"695\" class=\"elementor elementor-695\" data-elementor-settings=\"{&quot;ha_cmc_init_switcher&quot;:&quot;no&quot;}\" data-elementor-post-type=\"page\">\n\t\t\t\t\t\t<section data-dce-background-overlay-color=\"#000000\" data-dce-background-image-url=\"https:\/\/nyotoutea.com\/wp-content\/uploads\/2023\/01\/NOTC_15.jpg\" class=\"elementor-section elementor-top-section elementor-element elementor-element-c64d14c elementor-section-height-full hero elementor-section-boxed elementor-section-height-default elementor-section-items-middle\" data-id=\"c64d14c\" data-element_type=\"section\" data-e-type=\"section\" data-settings=\"{&quot;background_background&quot;:&quot;classic&quot;,&quot;_ha_eqh_enable&quot;:false}\">\n\t\t\t\t\t\t\t<div class=\"elementor-background-overlay\"><\/div>\n\t\t\t\t\t\t\t<div class=\"elementor-container elementor-column-gap-default\">\n\t\t\t\t\t<div class=\"elementor-column elementor-col-100 elementor-top-column elementor-element elementor-element-d7d4ba0\" data-id=\"d7d4ba0\" data-element_type=\"column\" data-e-type=\"column\">\n\t\t\t<div class=\"elementor-widget-wrap elementor-element-populated\">\n\t\t\t\t\t\t<div data-dce-title-color=\"#FFFFFF\" class=\"elementor-element elementor-element-cd98b9b elementor-widget elementor-widget-heading\" data-id=\"cd98b9b\" data-element_type=\"widget\" data-e-type=\"widget\" data-widget_type=\"heading.default\">\n\t\t\t\t<div class=\"elementor-widget-container\">\n\t\t\t\t\t<h1 class=\"elementor-heading-title elementor-size-default\">\u0e84\u0eb9\u0ec8\u0eae\u0ec8\u0ea7\u0ea1\u0e87\u0eb2\u0e99\u0e82\u0ead\u0e87\u0e9e\u0ea7\u0e81\u0ec0\u0eae\u0ebb\u0eb2<\/h1>\t\t\t\t<\/div>\n\t\t\t\t<\/div>\n\t\t\t\t\t<\/div>\n\t\t<\/div>\n\t\t\t\t\t<\/div>\n\t\t<\/section>\n\t\t\t\t<section data-dce-background-overlay-color=\"#1C6D30\" class=\"elementor-section elementor-top-section elementor-element elementor-element-e086e93 elementor-section-boxed elementor-section-height-default elementor-section-height-default\" data-id=\"e086e93\" data-element_type=\"section\" data-e-type=\"section\" data-settings=\"{&quot;_ha_eqh_enable&quot;:false}\">\n\t\t\t\t\t\t\t<div class=\"elementor-background-overlay\"><\/div>\n\t\t\t\t\t\t\t<div class=\"elementor-container elementor-column-gap-default\">\n\t\t\t\t\t<div class=\"elementor-column elementor-col-100 elementor-top-column elementor-element elementor-element-98de314\" data-id=\"98de314\" data-element_type=\"column\" data-e-type=\"column\">\n\t\t\t<div class=\"elementor-widget-wrap elementor-element-populated\">\n\t\t\t\t\t\t<div class=\"elementor-element elementor-element-f6c5031 elementor-widget elementor-widget-heading\" data-id=\"f6c5031\" data-element_type=\"widget\" data-e-type=\"widget\" data-widget_type=\"heading.default\">\n\t\t\t\t<div class=\"elementor-widget-container\">\n\t\t\t\t\t<h2 class=\"elementor-heading-title elementor-size-default\">CCL<\/h2>\t\t\t\t<\/div>\n\t\t\t\t<\/div>\n\t\t\t\t\t<\/div>\n\t\t<\/div>\n\t\t\t\t\t<\/div>\n\t\t<\/section>\n\t\t\t\t<section data-dce-background-overlay-color=\"#1C6D30\" class=\"elementor-section elementor-top-section elementor-element elementor-element-5dd0e2b elementor-section-boxed elementor-section-height-default elementor-section-height-default\" data-id=\"5dd0e2b\" data-element_type=\"section\" data-e-type=\"section\" data-settings=\"{&quot;_ha_eqh_enable&quot;:false}\">\n\t\t\t\t\t\t\t<div class=\"elementor-background-overlay\"><\/div>\n\t\t\t\t\t\t\t<div class=\"elementor-container elementor-column-gap-default\">\n\t\t\t\t\t<div class=\"elementor-column elementor-col-50 elementor-top-column elementor-element elementor-element-dccf86e\" data-id=\"dccf86e\" data-element_type=\"column\" data-e-type=\"column\" data-settings=\"{&quot;background_background&quot;:&quot;classic&quot;}\">\n\t\t\t<div class=\"elementor-widget-wrap elementor-element-populated\">\n\t\t\t\t\t\t<div class=\"elementor-element elementor-element-229d3f4 elementor-widget elementor-widget-text-editor\" data-id=\"229d3f4\" data-element_type=\"widget\" data-e-type=\"widget\" data-widget_type=\"text-editor.default\">\n\t\t\t\t<div class=\"elementor-widget-container\">\n\t\t\t\t\t\t\t\t\t<p>\u0ead\u0ebb\u0e87\u0e81\u0eb2\u0e99 CCL (\u0ead\u0ebb\u0e87\u0e81\u0eb2\u0e99\u0eae\u0ec8\u0ea7\u0ea1\u0ea1\u0eb7\u0e81\u0eb1\u0e9a\u0e9b\u0eb0\u0ec0\u0e97\u0e94\u0ea5\u0eb2\u0ea7) \u0ec1\u0ea1\u0ec8\u0e99\u0ead\u0ebb\u0e87\u0e81\u0eb2\u0e99\u0e88\u0eb1\u0e94\u0e95\u0eb1\u0ec9\u0e87\u0eaa\u0eb2\u0e81\u0ebb\u0e99\u0e97\u0eb5\u0ec8\u0e9a\u0ecd\u0ec8\u0eaa\u0eb1\u0e87\u0e81\u0eb1\u0e94\u0ea5\u0eb1\u0e94\u0e96\u0eb0\u0e9a\u0eb2\u0e99  \u0ec0\u0e8a\u0eb4\u0ec8\u0e87\u0ec0\u0eae\u0eb1\u0e94\u0ea7\u0ebd\u0e81\u0eae\u0ec8\u0ea7\u0ea1\u0e81\u0eb1\u0e9a\u0e9b\u0eb0\u0e8a\u0eb2\u0e8a\u0ebb\u0e99\u0e97\u0eb5\u0ec8\u0ead\u0eb2\u0ec4\u0eaa\u0ea2\u0eb9\u0ec8\u0ec3\u0e99\u0ec0\u0e82\u0e94\u0e9e\u0eb9\u0e94\u0ead\u0e8d\u0e97\u0eb2\u0e87\u0e9e\u0eb2\u0e81\u0ec0\u0edc\u0eb7\u0ead\u0e82\u0ead\u0e87 \u0eaa\u0e9b\u0e9b \u0ea5\u0eb2\u0ea7 \u0ea1\u0eb2\u0ec1\u0e95\u0ec8\u0e9b\u0eb5 1980. \u0ec0\u0e8a\u0eb4\u0ec8\u0e87 90% \u0e82\u0ead\u0e87\u0e84\u0ec8\u0eb2\u0ec3\u0e8a\u0ec9\u0e88\u0ec8\u0eb2\u0e8d\u0e82\u0ead\u0e87\u0e9e\u0ea7\u0e81\u0ec0\u0e82\u0ebb\u0eb2\u0ec1\u0ea1\u0ec8\u0e99\u0e81\u0eb2\u0e8d\u0ec0\u0e9b\u0eb1\u0e99\u0e9c\u0ebb\u0e99\u0e9b\u0eb0\u0ec2\u0eab\u0e8d\u0e94\u0ec2\u0e94\u0e8d\u0e81\u0ebb\u0e87\u0e82\u0ead\u0e87\u0e8a\u0eb8\u0ea1\u0e8a\u0ebb\u0e99\u0ec3\u0e99\u0ec0\u0e82\u0e94\u0e8a\u0ebb\u0e99\u0e99\u0eb0\u0e9a\u0ebb\u0e94\u0ec0\u0eab\u0ebc\u0ebb\u0ec8\u0eb2\u0e99\u0eb5\u0ec9. \u0ead\u0ebb\u0e87\u0e81\u0eb2\u0e99\u0e94\u0eb1\u0ec8\u0e87\u0e81\u0ec8\u0eb2\u0ea7\u0ec4\u0e94\u0ec9\u0eae\u0eb1\u0e9a\u0e81\u0eb2\u0e99\u0eaa\u0eb0\u0edc\u0eb1\u0e9a\u0eaa\u0eb0\u0edc\u0eb9\u0e99\u0eaa\u0eb0\u0ec0\u0e9e\u0eb2\u0eb0\u0e88\u0eb2\u0e81 AFD (\u0ead\u0ebb\u0e87\u0e81\u0eb2\u0e99\u0e9d\u0ea3\u0eb1\u0ec8\u0e87\u0ec0\u0e9e\u0eb7\u0ec8\u0ead\u0e81\u0eb2\u0e99\u0e9e\u0eb1\u0e94\u0e97\u0eb0\u0e99\u0eb2), \u0ead\u0ebb\u0e87\u0e81\u0eb2\u0e99 Brot f\u00fcr die welt \u0ec1\u0ea5\u0eb0 \u0eaa\u0eb0\u0eab\u0eb0\u0e9e\u0eb2\u0e9a\u0ec0\u0ead\u0eb5\u0ea3\u0ebb\u0e9a. <em>\u00a0<\/em><\/p><p>\u0ec3\u0e99\u0e81\u0eb2\u0e99\u0eae\u0ec8\u0ea7\u0ea1\u0ea1\u0eb7\u0e81\u0eb1\u0e9a\u0e9b\u0eb0\u0e8a\u0eb2\u0e8a\u0ebb\u0e99\u0ea5\u0eb2\u0ea7\u0e82\u0ead\u0e87\u0e9e\u0ea7\u0e81\u0ec0\u0e82\u0ebb\u0eb2\u0ec1\u0ea1\u0ec8\u0e99\u0ea1\u0eb5\u0e97\u0eb1\u0e87\u0e94\u0ec9\u0eb2\u0e99\u0ea7\u0eb4\u0e8a\u0eb2\u0e81\u0eb2\u0e99 (\u0e84\u0ea7\u0eb2\u0ea1\u0eae\u0eb9\u0ec9\u0ec0\u0e8a\u0eb5\u0e87\u0ec0\u0ea5\u0eb4\u0e81 \u0ec1\u0ea5\u0eb0 \u0e9b\u0eb0\u0eaa\u0ebb\u0e9a\u0e81\u0eb2\u0e99) \u0ec1\u0ea5\u0eb0 \u0e84\u0ea7\u0eb2\u0ea1\u0eae\u0eb9\u0ec9 (\u0e84\u0ea7\u0eb2\u0ea1\u0e9b\u0eb2\u0e96\u0eb0\u0edc\u0eb2\u0ec3\u0e99\u0e84\u0ea7\u0eb2\u0ea1\u0e81\u0ec9\u0eb2\u0ea7\u0edc\u0ec9\u0eb2, \u0e84\u0ea7\u0eb2\u0ea1\u0ea2\u0eb7\u0e94\u0e8d\u0eb8\u0ec8\u0e99, \u0e81\u0eb2\u0e99\u0e9b\u0eb1\u0e9a\u0e95\u0ebb\u0ea7\u0ec0\u0e82\u0ebb\u0ec9\u0eb2\u0e81\u0eb1\u0e9a\u0eaa\u0eb0\u0e9e\u0eb2\u0e9a\u0e81\u0eb2\u0e99\u0e97\u0ec9\u0ead\u0e87\u0e96\u0eb4\u0ec8\u0e99). \u0e94\u0ec9\u0ea7\u0e8d\u0e81\u0eb2\u0e99\u0eaa\u0ebb\u0ec8\u0e87\u0ec0\u0eaa\u0eb5\u0ea1\u0e84\u0ea7\u0eb2\u0ea1\u0eae\u0eb1\u0e9a\u0e9c\u0eb4\u0e94\u0e8a\u0ead\u0e9a \u0ec1\u0ea5\u0eb0 \u0e81\u0eb2\u0e99\u0eaa\u0ec9\u0eb2\u0e87\u0e84\u0ea7\u0eb2\u0ea1\u0ec0\u0e82\u0eb1\u0ec9\u0ea1\u0ec1\u0e82\u0e87, \u0e9e\u0ea7\u0e81\u0ec0\u0e82\u0ebb\u0eb2\u0eaa\u0eb0\u0edc\u0eb1\u0e9a\u0eaa\u0eb0\u0edc\u0eb9\u0e99\u0e9b\u0eb0\u0e8a\u0eb2\u0e81\u0ead\u0e99 \u0ec1\u0ea5\u0eb0 \u0e9c\u0eb9\u0ec9\u0ea1\u0eb5\u0ead\u0ecd\u0eb2\u0e99\u0eb2\u0e94\u0ec3\u0e99\u0e81\u0eb2\u0e99\u0e95\u0eb1\u0e94\u0eaa\u0eb4\u0e99\u0ec3\u0e88 \u0ec3\u0e99\u0e81\u0eb2\u0e99\u0e81\u0ecd\u0eb2\u0e99\u0ebb\u0e94 \u0ec1\u0ea5\u0eb0 \u0e94\u0ecd\u0eb2\u0ec0\u0e99\u0eb5\u0e99\u0e81\u0eb2\u0e99\u0ec1\u0e81\u0ec9\u0ec4\u0e82\u0e97\u0eb5\u0ec8\u0e9b\u0eb1\u0e9a\u0e95\u0ebb\u0ea7\u0ec0\u0e82\u0ebb\u0ec9\u0eb2\u0e81\u0eb1\u0e9a\u0ec1\u0e95\u0ec8\u0ea5\u0eb0\u0eaa\u0eb0\u0e96\u0eb2\u0e99\u0eb0\u0e81\u0eb2\u0e99, \u0ec3\u0e99\u0ea5\u0eb1\u0e81\u0eaa\u0eb0\u0e99\u0eb0\u0e97\u0eb5\u0ec8\u0eaa\u0ead\u0e94\u0e84\u0ec8\u0ead\u0e87 \u0ec1\u0ea5\u0eb0 \u0ec0\u0e9b\u0eb1\u0e99\u0ead\u0eb4\u0e94\u0eaa\u0eb0\u0eab\u0ebc\u0eb0. \u0e9e\u0ea7\u0e81\u0ec0\u0e82\u0ebb\u0eb2\u0ea1\u0eb1\u0e81\u0e88\u0eb1\u0e94\u0e9d\u0eb6\u0e81\u0ead\u0ebb\u0e9a\u0eae\u0ebb\u0ea1 \u0ec1\u0ea5\u0eb0 \u0ec0\u0eaa\u0eb5\u0ea1\u0e82\u0eb0\u0eab\u0e8d\u0eb2\u0e8d\u0e84\u0ea7\u0eb2\u0ea1\u0eaa\u0eb2\u0ea1\u0eb2\u0e94\u0e82\u0ead\u0e87\u0e81\u0eb2\u0e99\u0eaa\u0eb0\u0ec1\u0e94\u0e87\u0ead\u0ead\u0e81, \u0e84\u0ea7\u0eb2\u0ea1\u0e84\u0eb4\u0e94\u0eaa\u0ec9\u0eb2\u0e87\u0eaa\u0eb1\u0e99, \u0e81\u0eb2\u0e99\u0ec0\u0e88\u0ea5\u0eb0\u0e88\u0eb2\u0e95\u0ecd\u0ec8\u0ea5\u0ead\u0e87 \u0ea5\u0ea7\u0ea1\u0e97\u0eb1\u0e87\u0e81\u0eb2\u0e99\u0e88\u0eb1\u0e94\u0e95\u0eb1\u0ec9\u0e87\u0e82\u0ead\u0e87\u0e9a\u0eb8\u0e81\u0e84\u0ebb\u0e99 \u0ec1\u0ea5\u0eb0 \u0e81\u0eb8\u0ec8\u0ea1.<\/p>\t\t\t\t\t\t\t\t<\/div>\n\t\t\t\t<\/div>\n\t\t\t\t\t<\/div>\n\t\t<\/div>\n\t\t\t\t<div class=\"elementor-column elementor-col-50 elementor-top-column elementor-element elementor-element-c9c8f86\" data-id=\"c9c8f86\" data-element_type=\"column\" data-e-type=\"column\">\n\t\t\t<div class=\"elementor-widget-wrap elementor-element-populated\">\n\t\t\t\t\t\t<div class=\"elementor-element elementor-element-849b24d elementor-widget elementor-widget-text-editor\" data-id=\"849b24d\" data-element_type=\"widget\" data-e-type=\"widget\" data-widget_type=\"text-editor.default\">\n\t\t\t\t<div class=\"elementor-widget-container\">\n\t\t\t\t\t\t\t\t\t<p>\u0ead\u0ebb\u0e87\u0e81\u0eb2\u0e99 CCL \u0ec0\u0ea5\u0eb5\u0ec8\u0ea1\u0ec0\u0eae\u0eb1\u0e94\u0ea7\u0ebd\u0e81\u0ea2\u0eb9\u0ec8\u0ec0\u0ea1\u0eb7\u0ead\u0e87\u0e8d\u0ead\u0e94\u0ead\u0eb9\u0ea1\u0eb2\u0ec1\u0e95\u0ec8\u0e9b\u0eb5 2008 \u0ec0\u0e9e\u0eb7\u0ec8\u0ead\u0e9b\u0eb1\u0e9a\u0e9b\u0eb8\u0e87\u0e84\u0ea7\u0eb2\u0ea1\u0edd\u0eb1\u0ec9\u0e99\u0e84\u0ebb\u0e87\u0e94\u0ec9\u0eb2\u0e99\u0eaa\u0eb0\u0e9a\u0ebd\u0e87\u0ead\u0eb2\u0eab\u0eb2\u0e99 \u0ec1\u0ea5\u0eb0 \u0ec2\u0e9e\u0e8a\u0eb0\u0e99\u0eb2\u0e81\u0eb2\u0e99\u0e82\u0ead\u0e87\u0e84\u0ead\u0e9a\u0e84\u0ebb\u0ea7\u0ec3\u0e99\u0ec0\u0e82\u0e94\u0e9e\u0eb9\u0e94\u0ead\u0e8d \u0e82\u0ead\u0e87\u0ec0\u0ea1\u0eb7\u0ead\u0e87\u0e8d\u0ead\u0e94\u0ead\u0eb9. \u0e9b\u0eb1\u0e94\u0e88\u0eb8\u0e9a\u0eb1\u0e99\u0e99\u0eb5\u0ec9, \u0ead\u0ebb\u0e87\u0e81\u0eb2\u0e99 CCL \u0ec4\u0e94\u0ec9\u0ec3\u0eab\u0ec9\u0e81\u0eb2\u0e99\u0eaa\u0eb0\u0edc\u0eb1\u0e9a\u0eaa\u0eb0\u0edc\u0eb9\u0e99\u0e9b\u0eb0\u0e8a\u0eb2\u0e8a\u0ebb\u0e99\u0e97\u0eb5\u0ec8\u0ead\u0eb2\u0ec4\u0eaa\u0ea2\u0eb9\u0ec8\u0ec3\u0e99\u0ec0\u0ea1\u0eb7\u0ead\u0e87\u0e94\u0eb1\u0ec8\u0e87\u0e81\u0ec8\u0eb2\u0ea7\u0e81\u0ea7\u0ec8\u0eb2 3,000 \u0e84\u0ead\u0e9a\u0e84\u0ebb\u0ea7. \u0e82\u0eb0\u0e99\u0eb0\u0e97\u0eb5\u0ec8 \u0ead\u0ebb\u0e87\u0e81\u0eb2\u0e99 CCL \u0e8d\u0eb1\u0e87\u0ec4\u0e94\u0ec9\u0ea2\u0eb9\u0ec8\u0e84\u0ebd\u0e87\u0e82\u0ec9\u0eb2\u0e87 \u0ec1\u0ea5\u0eb0 \u0eaa\u0eb0\u0edc\u0eb1\u0e9a\u0eaa\u0eb0\u0edc\u0eb9\u0e99\u0e9a\u0eb1\u0e99\u0e94\u0eb2\u0e8a\u0eb2\u0ea7\u0e81\u0eb0\u0eaa\u0eb4\u0e81\u0ead\u0e99\u0ea5\u0eb2\u0e8d\u0e8d\u0ec8\u0ead\u0e8d \u0ec3\u0e99\u0e81\u0eb2\u0e99\u0e9b\u0eb0\u0e95\u0eb4\u0e9a\u0eb1\u0e94\u0e94\u0ec9\u0eb2\u0e99\u0e99\u0eb4\u0ec0\u0ea7\u0e94\u0ea7\u0eb4\u0e97\u0eb0\u0e8d\u0eb2\u0e81\u0eb0\u0eaa\u0eb4\u0e81\u0ecd\u0eb2\u0e82\u0ead\u0e87\u0e9e\u0ea7\u0e81\u0ec0\u0e82\u0ebb\u0eb2 \u0ec2\u0e94\u0e8d\u0e9c\u0ec8\u0eb2\u0e99\u0e81\u0eb2\u0e99\u0ec0\u0e9e\u0eb5\u0ec8\u0ea1\u0e84\u0eb8\u0e99\u0e84\u0ec8\u0eb2\u0e82\u0ead\u0e87\u0e9c\u0eb0\u0ea5\u0eb4\u0e94\u0e95\u0eb0\u0e9e\u0eb1\u0e99\u0e88\u0eb2\u0e81\u0e9b\u0ec8\u0eb2\u0e97\u0eb5\u0ec8\u0e9a\u0ecd\u0ec8\u0ec1\u0ea1\u0ec8\u0e99\u0ec4\u0ea1\u0ec9 \u0ec2\u0e94\u0e8d\u0eaa\u0eb0\u0ec0\u0e9e\u0eb2\u0eb0\u0e81\u0ecd\u0ec1\u0ea1\u0ec8\u0e99 \u0e8a\u0eb2. \u0ec2\u0e84\u0e87\u0e81\u0eb2\u0e99\u0e81\u0eb2\u0e99\u0e84\u0eb8\u0ec9\u0ea1\u0e84\u0ead\u0e87\u0e8a\u0eb1\u0e9a\u0e9e\u0eb0\u0e8d\u0eb2\u0e81\u0ead\u0e99\u0e97\u0eb3\u0ea1\u0eb0\u0e8a\u0eb2\u0e94\u0ec1\u0e9a\u0e9a\u0e8d\u0eb7\u0e99\u0e8d\u0ebb\u0e87, \u0ea5\u0ea7\u0ea1\u0e97\u0eb1\u0e87\u0e9b\u0eb1\u0e9a\u0e9b\u0eb8\u0e87\u0ec2\u0e84\u0e87\u0eaa\u0ec9\u0eb2\u0e87\u0e82\u0ead\u0e87\u0e82\u0eb0\u0ec1\u0edc\u0e87\u0e81\u0eb2\u0e99\u0e8a\u0eb2. \u0e9e\u0ec9\u0ead\u0ea1\u0e81\u0eb1\u0e9a\u0e81\u0eb2\u0e99\u0eaa\u0eb0\u0edc\u0eb1\u0e9a\u0eaa\u0eb0\u0edc\u0eb9\u0e99\u0e81\u0eb2\u0e99\u0eaa\u0ec9\u0eb2\u0e87\u0e95\u0eb1\u0ec9\u0e87\u0eaa\u0eb0\u0eab\u0eb0\u0e81\u0ead\u0e99\u0e8a\u0eb2\u0e8d\u0ead\u0e94\u0ead\u0eb9 \u0ec0\u0e9e\u0eb7\u0ec8\u0ead\u0e8a\u0ec8\u0ea7\u0e8d\u0ec0\u0e9b\u0eb5\u0e94\u0eab\u0ebb\u0e99\u0e97\u0eb2\u0e87\u0eaa\u0eb9\u0ec8\u0e84\u0ea7\u0eb2\u0ea1\u0ec0\u0e9b\u0eb1\u0e99\u0ead\u0eb4\u0e94\u0eaa\u0eb0\u0eab\u0ebc\u0eb0 \u0e97\u0eb1\u0e87\u0ec0\u0e9b\u0eb1\u0e99\u0ec0\u0e88\u0ebb\u0ec9\u0eb2\u0e95\u0ebb\u0e99\u0ec0\u0ead\u0e87.<\/p>\t\t\t\t\t\t\t\t<\/div>\n\t\t\t\t<\/div>\n\t\t\t\t<div class=\"elementor-element elementor-element-561b2ee elementor-widget__width-auto elementor-widget elementor-widget-image\" data-id=\"561b2ee\" data-element_type=\"widget\" data-e-type=\"widget\" data-widget_type=\"image.default\">\n\t\t\t\t<div class=\"elementor-widget-container\">\n\t\t\t\t\t\t\t\t\t\t\t\t\t\t\t\t<a href=\"https:\/\/ccl-laos.org\/\" target=\"_blank\" rel=\"noopener\">\n\t\t\t\t\t\t\t<img decoding=\"async\" width=\"150\" height=\"150\" src=\"https:\/\/nyotoutea.com\/wp-content\/uploads\/2021\/11\/CCL-logo-400x400-1-150x150.png\" class=\"attachment-thumbnail size-thumbnail wp-image-412\" alt=\"\" srcset=\"https:\/\/nyotoutea.com\/wp-content\/uploads\/2021\/11\/CCL-logo-400x400-1-150x150.png 150w, https:\/\/nyotoutea.com\/wp-content\/uploads\/2021\/11\/CCL-logo-400x400-1-300x300.png 300w, https:\/\/nyotoutea.com\/wp-content\/uploads\/2021\/11\/CCL-logo-400x400-1-100x100.png 100w, https:\/\/nyotoutea.com\/wp-content\/uploads\/2021\/11\/CCL-logo-400x400-1.png 400w\" sizes=\"(max-width: 150px) 100vw, 150px\" \/>\t\t\t\t\t\t\t\t<\/a>\n\t\t\t\t\t\t\t\t\t\t\t\t\t\t\t<\/div>\n\t\t\t\t<\/div>\n\t\t\t\t<div class=\"elementor-element elementor-element-55fdb69 elementor-widget__width-auto link elementor-widget elementor-widget-heading\" data-id=\"55fdb69\" data-element_type=\"widget\" data-e-type=\"widget\" data-widget_type=\"heading.default\">\n\t\t\t\t<div class=\"elementor-widget-container\">\n\t\t\t\t\t<div class=\"elementor-heading-title elementor-size-default\"><a href=\"https:\/\/ccl-laos.org\/\" target=\"_blank\" rel=\"noopener\">https:\/\/ccl-laos.org\/<\/a><\/div>\t\t\t\t<\/div>\n\t\t\t\t<\/div>\n\t\t\t\t\t<\/div>\n\t\t<\/div>\n\t\t\t\t\t<\/div>\n\t\t<\/section>\n\t\t\t\t<\/div>","protected":false},"excerpt":{"rendered":"<p>Our Partners CCL The CCL (Committee of Cooperation with Laos) is a French association of international solidarity which has been working with the people from the northern uplands of Lao PDR since 1980. 90% of their expenses directly benefit to them. They are supported in particular by AFD (Agence Fran\u00e7aise de D\u00e9veloppement), Brot f\u00fcr die [&hellip;]<\/p>\n","protected":false},"author":1,"featured_media":0,"parent":25,"menu_order":0,"comment_status":"closed","ping_status":"closed","template":"","meta":{"_acf_changed":false,"footnotes":""},"class_list":["post-695","page","type-page","status-publish","hentry"],"acf":[],"_links":{"self":[{"href":"https:\/\/nyotoutea.com\/lo\/wp-json\/wp\/v2\/pages\/695","targetHints":{"allow":["GET"]}}],"collection":[{"href":"https:\/\/nyotoutea.com\/lo\/wp-json\/wp\/v2\/pages"}],"about":[{"href":"https:\/\/nyotoutea.com\/lo\/wp-json\/wp\/v2\/types\/page"}],"author":[{"embeddable":true,"href":"https:\/\/nyotoutea.com\/lo\/wp-json\/wp\/v2\/users\/1"}],"replies":[{"embeddable":true,"href":"https:\/\/nyotoutea.com\/lo\/wp-json\/wp\/v2\/comments?post=695"}],"version-history":[{"count":19,"href":"https:\/\/nyotoutea.com\/lo\/wp-json\/wp\/v2\/pages\/695\/revisions"}],"predecessor-version":[{"id":2246,"href":"https:\/\/nyotoutea.com\/lo\/wp-json\/wp\/v2\/pages\/695\/revisions\/2246"}],"up":[{"embeddable":true,"href":"https:\/\/nyotoutea.com\/lo\/wp-json\/wp\/v2\/pages\/25"}],"wp:attachment":[{"href":"https:\/\/nyotoutea.com\/lo\/wp-json\/wp\/v2\/media?parent=695"}],"curies":[{"name":"wp","href":"https:\/\/api.w.org\/{rel}","templated":true}]}}